{"id":2375,"date":"2022-12-16T09:31:20","date_gmt":"2022-12-16T14:31:20","guid":{"rendered":"https:\/\/www.iestpjae.edu.pe\/portal\/?page_id=2375"},"modified":"2023-12-27T09:08:30","modified_gmt":"2023-12-27T14:08:30","slug":"idiomas-especialidad-ingles","status":"publish","type":"page","link":"https:\/\/pedagogicolasalleurubamba.edu.pe\/salle\/idiomas-especialidad-ingles\/","title":{"rendered":"Idiomas Especialidad Ingles"},"content":{"rendered":"\t\t<div data-elementor-type=\"wp-page\" data-elementor-id=\"2375\" class=\"elementor elementor-2375\">\n\t\t\t\t\t\t<section class=\"elementor-section elementor-top-section elementor-element elementor-element-48cc449c elementor-section-stretched elementor-section-boxed elementor-section-height-default elementor-section-height-default\" data-id=\"48cc449c\" data-element_type=\"section\" data-settings=\"{&quot;stretch_section&quot;:&quot;section-stretched&quot;}\">\n\t\t\t\t\t\t<div class=\"elementor-container elementor-column-gap-default\">\n\t\t\t\t\t<div class=\"elementor-column elementor-col-100 elementor-top-column elementor-element elementor-element-667b1e5e\" data-id=\"667b1e5e\" data-element_type=\"column\">\n\t\t\t<div class=\"elementor-widget-wrap elementor-element-populated\">\n\t\t\t\t\t\t<div class=\"elementor-element elementor-element-910f351 elementor-arrows-position-inside elementor-widget elementor-widget-image-carousel\" data-id=\"910f351\" data-element_type=\"widget\" data-settings=\"{&quot;slides_to_show&quot;:&quot;1&quot;,&quot;navigation&quot;:&quot;arrows&quot;,&quot;autoplay&quot;:&quot;yes&quot;,&quot;pause_on_hover&quot;:&quot;yes&quot;,&quot;pause_on_interaction&quot;:&quot;yes&quot;,&quot;autoplay_speed&quot;:5000,&quot;infinite&quot;:&quot;yes&quot;,&quot;effect&quot;:&quot;slide&quot;,&quot;speed&quot;:500}\" data-widget_type=\"image-carousel.default\">\n\t\t\t\t<div class=\"elementor-widget-container\">\n\t\t\t\t\t\t\t<div class=\"elementor-image-carousel-wrapper swiper\" role=\"region\" aria-roledescription=\"carousel\" aria-label=\"Carrusel de im\u00e1genes\" dir=\"ltr\">\n\t\t\t<div class=\"elementor-image-carousel swiper-wrapper\" aria-live=\"off\">\n\t\t\t\t\t\t\t\t<div class=\"swiper-slide\" role=\"group\" aria-roledescription=\"slide\" aria-label=\"1 de 1\"><figure class=\"swiper-slide-inner\"><img decoding=\"async\" class=\"swiper-slide-image\" src=\"https:\/\/pedagogicolasalleurubamba.edu.pe\/salle\/wp-content\/uploads\/2023\/12\/IEI.png\" alt=\"IEI\" \/><\/figure><\/div>\t\t\t<\/div>\n\t\t\t\t\t<\/div>\n\t\t\t\t\t\t<\/div>\n\t\t\t\t<\/div>\n\t\t\t\t<div class=\"elementor-element elementor-element-62e0106 elementor-widget elementor-widget-toggle\" data-id=\"62e0106\" data-element_type=\"widget\" data-widget_type=\"toggle.default\">\n\t\t\t\t<div class=\"elementor-widget-container\">\n\t\t\t\t\t\t\t<div class=\"elementor-toggle\">\n\t\t\t\t\t\t\t<div class=\"elementor-toggle-item\">\n\t\t\t\t\t<div id=\"elementor-tab-title-1031\" class=\"elementor-tab-title\" data-tab=\"1\" role=\"button\" aria-controls=\"elementor-tab-content-1031\" aria-expanded=\"false\">\n\t\t\t\t\t\t\t\t\t\t\t\t<span class=\"elementor-toggle-icon elementor-toggle-icon-right\" aria-hidden=\"true\">\n\t\t\t\t\t\t\t\t\t\t\t\t\t\t\t<span class=\"elementor-toggle-icon-closed\"><i class=\"fas fa-caret-right\"><\/i><\/span>\n\t\t\t\t\t\t\t\t<span class=\"elementor-toggle-icon-opened\"><i class=\"elementor-toggle-icon-opened fas fa-caret-up\"><\/i><\/span>\n\t\t\t\t\t\t\t\t\t\t\t\t\t<\/span>\n\t\t\t\t\t\t\t\t\t\t\t\t<a class=\"elementor-toggle-title\" tabindex=\"0\">DESCRIPCI\u00d3N DEL PROGRAMA DE ESTUDIO<\/a>\n\t\t\t\t\t<\/div>\n\n\t\t\t\t\t<div id=\"elementor-tab-content-1031\" class=\"elementor-tab-content elementor-clearfix\" data-tab=\"1\" role=\"region\" aria-labelledby=\"elementor-tab-title-1031\"><p style=\"border: 0px #e6e6e6; vertical-align: baseline; background: transparent; margin-right: 0px; margin-bottom: 20px; margin-left: 0px; padding: 0px; line-height: 1.7; color: #7a7a7a; font-family: Roboto; text-align: justify;\">El Programa de Estudios de Educaci\u00f3n en Idiomas, especialidad ingl\u00e9s tiene como misi\u00f3n la formaci\u00f3n integral del futuro docente, competente para la ense\u00f1anza de dicho idioma en los diferentes niveles educativos: Inicial, Primaria, Secundaria y Superior, lo cual nos distingue de otras instituciones donde la ense\u00f1anza del ingl\u00e9s est\u00e1 dirigida \u00fanicamente al nivel secundario.<\/p><p style=\"border: 0px #e6e6e6; vertical-align: baseline; background: transparent; margin-right: 0px; margin-bottom: 20px; margin-left: 0px; padding: 0px; line-height: 1.7; color: #7a7a7a; font-family: Roboto; text-align: justify;\">En la formaci\u00f3n se les brindar\u00e1n las herramientas para desenvolverse adecuadamente en estos niveles, considerando los diversos contextos multiculturales. La formaci\u00f3n busca desarrollar habilidades de comunicaci\u00f3n eficiente y dial\u00f3gica en la comprensi\u00f3n y producci\u00f3n de textos orales, escritos, audiovisuales y art\u00edstico-literarios en el idioma ingl\u00e9s, considerando diversos recursos como laboratorios, software, biblioteca especializados, entre otros.<\/p><p style=\"border: 0px #e6e6e6; vertical-align: baseline; background: transparent; margin-right: 0px; margin-bottom: 20px; margin-left: 0px; padding: 0px; line-height: 1.7; color: #7a7a7a; font-family: Roboto; text-align: justify;\">Estamos comprometidos con el desarrollo educativo de nuestro pa\u00eds y asumimos la responsabilidad y el valor de la formaci\u00f3n de ni\u00f1os y ni\u00f1as desde sus primeros a\u00f1os de vida con la finalidad de formar ciudadanos para una sociedad intercultural, en democracia.<\/p><\/div>\n\t\t\t\t<\/div>\n\t\t\t\t\t\t\t<div class=\"elementor-toggle-item\">\n\t\t\t\t\t<div id=\"elementor-tab-title-1032\" class=\"elementor-tab-title\" data-tab=\"2\" role=\"button\" aria-controls=\"elementor-tab-content-1032\" aria-expanded=\"false\">\n\t\t\t\t\t\t\t\t\t\t\t\t<span class=\"elementor-toggle-icon elementor-toggle-icon-right\" aria-hidden=\"true\">\n\t\t\t\t\t\t\t\t\t\t\t\t\t\t\t<span class=\"elementor-toggle-icon-closed\"><i class=\"fas fa-caret-right\"><\/i><\/span>\n\t\t\t\t\t\t\t\t<span class=\"elementor-toggle-icon-opened\"><i class=\"elementor-toggle-icon-opened fas fa-caret-up\"><\/i><\/span>\n\t\t\t\t\t\t\t\t\t\t\t\t\t<\/span>\n\t\t\t\t\t\t\t\t\t\t\t\t<a class=\"elementor-toggle-title\" tabindex=\"0\">PERFIL DEL EGRESADO<\/a>\n\t\t\t\t\t<\/div>\n\n\t\t\t\t\t<div id=\"elementor-tab-content-1032\" class=\"elementor-tab-content elementor-clearfix\" data-tab=\"2\" role=\"region\" aria-labelledby=\"elementor-tab-title-1032\"><p><span style=\"color: #7a7a7a; font-family: Roboto; text-align: justify;\">El Perfil de egreso de la Formaci\u00f3n Inicial Docente es la visi\u00f3n com\u00fan e integral de las competencias profesionales docentes que deben desarrollar los estudiantes progresivamente durante el proceso formativo para ejercer id\u00f3neamente la docencia. El Perfil de egreso permite establecer una formaci\u00f3n integral especializada basada en la pr\u00e1ctica, investigaci\u00f3n e innovaci\u00f3n, que busca garantizar el desarrollo de competencias en los estudiantes para desenvolverse de manera \u00e9tica, eficiente y eficaz en su pr\u00e1ctica docente, respondiendo a las demandas del sistema educativo.<\/span><\/p><\/div>\n\t\t\t\t<\/div>\n\t\t\t\t\t\t\t<div class=\"elementor-toggle-item\">\n\t\t\t\t\t<div id=\"elementor-tab-title-1033\" class=\"elementor-tab-title\" data-tab=\"3\" role=\"button\" aria-controls=\"elementor-tab-content-1033\" aria-expanded=\"false\">\n\t\t\t\t\t\t\t\t\t\t\t\t<span class=\"elementor-toggle-icon elementor-toggle-icon-right\" aria-hidden=\"true\">\n\t\t\t\t\t\t\t\t\t\t\t\t\t\t\t<span class=\"elementor-toggle-icon-closed\"><i class=\"fas fa-caret-right\"><\/i><\/span>\n\t\t\t\t\t\t\t\t<span class=\"elementor-toggle-icon-opened\"><i class=\"elementor-toggle-icon-opened fas fa-caret-up\"><\/i><\/span>\n\t\t\t\t\t\t\t\t\t\t\t\t\t<\/span>\n\t\t\t\t\t\t\t\t\t\t\t\t<a class=\"elementor-toggle-title\" tabindex=\"0\">PLAN DE ESTUDIOS<\/a>\n\t\t\t\t\t<\/div>\n\n\t\t\t\t\t<div id=\"elementor-tab-content-1033\" class=\"elementor-tab-content elementor-clearfix\" data-tab=\"3\" role=\"region\" aria-labelledby=\"elementor-tab-title-1033\"><p><strong>Duraci\u00f3n: 5 a\u00f1os (10 semestres)<\/strong><\/p><\/div>\n\t\t\t\t<\/div>\n\t\t\t\t\t\t\t<div class=\"elementor-toggle-item\">\n\t\t\t\t\t<div id=\"elementor-tab-title-1034\" class=\"elementor-tab-title\" data-tab=\"4\" role=\"button\" aria-controls=\"elementor-tab-content-1034\" aria-expanded=\"false\">\n\t\t\t\t\t\t\t\t\t\t\t\t<span class=\"elementor-toggle-icon elementor-toggle-icon-right\" aria-hidden=\"true\">\n\t\t\t\t\t\t\t\t\t\t\t\t\t\t\t<span class=\"elementor-toggle-icon-closed\"><i class=\"fas fa-caret-right\"><\/i><\/span>\n\t\t\t\t\t\t\t\t<span class=\"elementor-toggle-icon-opened\"><i class=\"elementor-toggle-icon-opened fas fa-caret-up\"><\/i><\/span>\n\t\t\t\t\t\t\t\t\t\t\t\t\t<\/span>\n\t\t\t\t\t\t\t\t\t\t\t\t<a class=\"elementor-toggle-title\" tabindex=\"0\">REQUISITOS PARA POSTULAR<\/a>\n\t\t\t\t\t<\/div>\n\n\t\t\t\t\t<div id=\"elementor-tab-content-1034\" class=\"elementor-tab-content elementor-clearfix\" data-tab=\"4\" role=\"region\" aria-labelledby=\"elementor-tab-title-1034\"><p>Pendiente para la actualizaci\u00f3n del contenido del programa de estudio<\/p><\/div>\n\t\t\t\t<\/div>\n\t\t\t\t\t\t\t\t<\/div>\n\t\t\t\t\t\t<\/div>\n\t\t\t\t<\/div>\n\t\t\t\t<div class=\"elementor-element elementor-element-6e22b60 elementor-widget elementor-widget-spacer\" data-id=\"6e22b60\" data-element_type=\"widget\" data-widget_type=\"spacer.default\">\n\t\t\t\t<div class=\"elementor-widget-container\">\n\t\t\t\t\t\t\t<div class=\"elementor-spacer\">\n\t\t\t<div class=\"elementor-spacer-inner\"><\/div>\n\t\t<\/div>\n\t\t\t\t\t\t<\/div>\n\t\t\t\t<\/div>\n\t\t\t\t\t<\/div>\n\t\t<\/div>\n\t\t\t\t\t<\/div>\n\t\t<\/section>\n\t\t\t\t<section class=\"elementor-section elementor-top-section elementor-element elementor-element-3cf758b3 elementor-section-boxed elementor-section-height-default elementor-section-height-default\" data-id=\"3cf758b3\" data-element_type=\"section\">\n\t\t\t\t\t\t<div class=\"elementor-container elementor-column-gap-default\">\n\t\t\t\t\t<div class=\"elementor-column elementor-col-100 elementor-top-column elementor-element elementor-element-508435ec\" data-id=\"508435ec\" data-element_type=\"column\">\n\t\t\t<div class=\"elementor-widget-wrap elementor-element-populated\">\n\t\t\t\t\t\t<div class=\"elementor-element elementor-element-747f3618 elementor-widget-divider--separator-type-pattern elementor-widget-divider--view-line elementor-widget elementor-widget-divider\" data-id=\"747f3618\" data-element_type=\"widget\" data-widget_type=\"divider.default\">\n\t\t\t\t<div class=\"elementor-widget-container\">\n\t\t\t\t\t\t\t<div class=\"elementor-divider\" style=\"--divider-pattern-url: url(&quot;data:image\/svg+xml,%3Csvg xmlns=&#039;http:\/\/www.w3.org\/2000\/svg&#039; preserveAspectRatio=&#039;none&#039; overflow=&#039;visible&#039; height=&#039;100%&#039; viewBox=&#039;0 0 20 16&#039; fill=&#039;none&#039; stroke=&#039;black&#039; stroke-width=&#039;1.5&#039; stroke-linecap=&#039;square&#039; stroke-miterlimit=&#039;10&#039;%3E%3Cg transform=&#039;translate(-12.000000, 0)&#039;%3E%3Cpath d=&#039;M28,0L10,18&#039;\/%3E%3Cpath d=&#039;M18,0L0,18&#039;\/%3E%3Cpath d=&#039;M48,0L30,18&#039;\/%3E%3Cpath d=&#039;M38,0L20,18&#039;\/%3E%3C\/g%3E%3C\/svg%3E&quot;);\">\n\t\t\t<span class=\"elementor-divider-separator\">\n\t\t\t\t\t\t<\/span>\n\t\t<\/div>\n\t\t\t\t\t\t<\/div>\n\t\t\t\t<\/div>\n\t\t\t\t\t<\/div>\n\t\t<\/div>\n\t\t\t\t\t<\/div>\n\t\t<\/section>\n\t\t\t\t<section class=\"elementor-section elementor-top-section elementor-element elementor-element-14697d2 elementor-section-stretched animated-slow elementor-section-boxed elementor-section-height-default elementor-section-height-default elementor-invisible\" data-id=\"14697d2\" data-element_type=\"section\" data-settings=\"{&quot;stretch_section&quot;:&quot;section-stretched&quot;,&quot;animation&quot;:&quot;pulse&quot;,&quot;background_background&quot;:&quot;classic&quot;}\">\n\t\t\t\t\t\t<div class=\"elementor-container elementor-column-gap-default\">\n\t\t\t\t\t<div class=\"elementor-column elementor-col-100 elementor-top-column elementor-element elementor-element-69d283e animated-slow\" data-id=\"69d283e\" data-element_type=\"column\" data-settings=\"{&quot;animation&quot;:&quot;none&quot;}\">\n\t\t\t<div class=\"elementor-widget-wrap elementor-element-populated\">\n\t\t\t\t\t\t<div class=\"elementor-element elementor-element-7946fa0 elementor-invisible elementor-widget elementor-widget-heading\" data-id=\"7946fa0\" data-element_type=\"widget\" data-settings=\"{&quot;_animation&quot;:&quot;fadeIn&quot;}\" data-widget_type=\"heading.default\">\n\t\t\t\t<div class=\"elementor-widget-container\">\n\t\t\t\t\t<h2 class=\"elementor-heading-title elementor-size-default\">Programas de Estudios<\/h2>\t\t\t\t<\/div>\n\t\t\t\t<\/div>\n\t\t\t\t<div class=\"elementor-element elementor-element-0ea0783 elementor-widget-divider--separator-type-pattern elementor-widget-divider--view-line elementor-widget elementor-widget-divider\" data-id=\"0ea0783\" data-element_type=\"widget\" data-widget_type=\"divider.default\">\n\t\t\t\t<div class=\"elementor-widget-container\">\n\t\t\t\t\t\t\t<div class=\"elementor-divider\" style=\"--divider-pattern-url: url(&quot;data:image\/svg+xml,%3Csvg xmlns=&#039;http:\/\/www.w3.org\/2000\/svg&#039; preserveAspectRatio=&#039;none&#039; overflow=&#039;visible&#039; height=&#039;100%&#039; viewBox=&#039;0 0 24 24&#039; fill=&#039;none&#039; stroke=&#039;black&#039; stroke-width=&#039;2&#039; stroke-linecap=&#039;square&#039; stroke-miterlimit=&#039;10&#039;%3E%3Cpath d=&#039;M0,6c6,0,6,13,12,13S18,6,24,6&#039;\/%3E%3C\/svg%3E&quot;);\">\n\t\t\t<span class=\"elementor-divider-separator\">\n\t\t\t\t\t\t<\/span>\n\t\t<\/div>\n\t\t\t\t\t\t<\/div>\n\t\t\t\t<\/div>\n\t\t\t\t\t<\/div>\n\t\t<\/div>\n\t\t\t\t\t<\/div>\n\t\t<\/section>\n\t\t\t\t<section class=\"elementor-section elementor-top-section elementor-element elementor-element-a0bdd38 elementor-section-stretched elementor-section-boxed elementor-section-height-default elementor-section-height-default\" data-id=\"a0bdd38\" data-element_type=\"section\" data-settings=\"{&quot;stretch_section&quot;:&quot;section-stretched&quot;,&quot;background_background&quot;:&quot;classic&quot;}\">\n\t\t\t\t\t\t<div class=\"elementor-container elementor-column-gap-no\">\n\t\t\t\t\t<div class=\"elementor-column elementor-col-100 elementor-top-column elementor-element elementor-element-dafe689\" data-id=\"dafe689\" data-element_type=\"column\" data-settings=\"{&quot;background_background&quot;:&quot;classic&quot;}\">\n\t\t\t<div class=\"elementor-widget-wrap elementor-element-populated\">\n\t\t\t\t\t\t<div class=\"elementor-element elementor-element-ca67216 elementor-pagination-position-outside elementor-widget elementor-widget-image-carousel\" data-id=\"ca67216\" data-element_type=\"widget\" data-settings=\"{&quot;slides_to_show&quot;:&quot;3&quot;,&quot;autoplay_speed&quot;:2500,&quot;navigation&quot;:&quot;dots&quot;,&quot;image_spacing_custom&quot;:{&quot;unit&quot;:&quot;px&quot;,&quot;size&quot;:13,&quot;sizes&quot;:[]},&quot;autoplay&quot;:&quot;yes&quot;,&quot;pause_on_hover&quot;:&quot;yes&quot;,&quot;pause_on_interaction&quot;:&quot;yes&quot;,&quot;infinite&quot;:&quot;yes&quot;,&quot;speed&quot;:500,&quot;image_spacing_custom_tablet&quot;:{&quot;unit&quot;:&quot;px&quot;,&quot;size&quot;:&quot;&quot;,&quot;sizes&quot;:[]},&quot;image_spacing_custom_mobile&quot;:{&quot;unit&quot;:&quot;px&quot;,&quot;size&quot;:&quot;&quot;,&quot;sizes&quot;:[]}}\" data-widget_type=\"image-carousel.default\">\n\t\t\t\t<div class=\"elementor-widget-container\">\n\t\t\t\t\t\t\t<div class=\"elementor-image-carousel-wrapper swiper\" role=\"region\" aria-roledescription=\"carousel\" aria-label=\"Carrusel de im\u00e1genes\" dir=\"ltr\">\n\t\t\t<div class=\"elementor-image-carousel swiper-wrapper\" aria-live=\"off\">\n\t\t\t\t\t\t\t\t<div class=\"swiper-slide\" role=\"group\" aria-roledescription=\"slide\" aria-label=\"1 de 4\"><a lightbox=\"yes\" slideshow=\"ca67216\" title=\"EIB Inicial (1)\" hash=\"#elementor-action%3Aaction%3Dlightbox%26settings%3DeyJpZCI6MzU0MywidXJsIjoiaHR0cHM6XC9cL3BlZGFnb2dpY29sYXNhbGxldXJ1YmFtYmEuZWR1LnBlXC9zYWxsZVwvd3AtY29udGVudFwvdXBsb2Fkc1wvMjAyM1wvMTJcL0VJQi1JbmljaWFsLTEucG5nIiwic2xpZGVzaG93IjoiY2E2NzIxNiJ9\" href=\"https:\/\/pedagogicolasalleurubamba.edu.pe\/salle\/administracion-de-servicios-de-hosteleria_y_restaurantes\/,https:\/\/pedagogicolasalleurubamba.edu.pe\/salle\/arquitectura-de-plataformas-y-servicios-de-tecnologias-de-la-informacion\/,https:\/\/pedagogicolasalleurubamba.edu.pe\/salle\/contabilidad\/,https:\/\/pedagogicolasalleurubamba.edu.pe\/salle\/construccion-civil\/,https:\/\/pedagogicolasalleurubamba.edu.pe\/salle\/electricidad-industrial\/,https:\/\/pedagogicolasalleurubamba.edu.pe\/salle\/electronica-industrial\/,https:\/\/pedagogicolasalleurubamba.edu.pe\/salle\/guia-oficial-de-turismo\/,https:\/\/pedagogicolasalleurubamba.edu.pe\/salle\/mecanica-automotriz\/,https:\/\/pedagogicolasalleurubamba.edu.pe\/salle\/mecanica-de-produccion-industrial\/,https:\/\/pedagogicolasalleurubamba.edu.pe\/salle\/produccion-agropecuaria\/\" target=\"_blank\" class=\"broken_link\"><figure class=\"swiper-slide-inner\"><img decoding=\"async\" class=\"swiper-slide-image\" src=\"https:\/\/pedagogicolasalleurubamba.edu.pe\/salle\/wp-content\/uploads\/2023\/12\/EIB-Inicial-1.png\" alt=\"EIB Inicial (1)\" \/><\/figure><\/a><\/div><div class=\"swiper-slide\" role=\"group\" aria-roledescription=\"slide\" aria-label=\"2 de 4\"><a lightbox=\"yes\" slideshow=\"ca67216\" title=\"EF\" hash=\"#elementor-action%3Aaction%3Dlightbox%26settings%3DeyJpZCI6MzUzOCwidXJsIjoiaHR0cHM6XC9cL3BlZGFnb2dpY29sYXNhbGxldXJ1YmFtYmEuZWR1LnBlXC9zYWxsZVwvd3AtY29udGVudFwvdXBsb2Fkc1wvMjAyM1wvMTJcL0VGLTEucG5nIiwic2xpZGVzaG93IjoiY2E2NzIxNiJ9\" href=\"https:\/\/pedagogicolasalleurubamba.edu.pe\/salle\/administracion-de-servicios-de-hosteleria_y_restaurantes\/,https:\/\/pedagogicolasalleurubamba.edu.pe\/salle\/arquitectura-de-plataformas-y-servicios-de-tecnologias-de-la-informacion\/,https:\/\/pedagogicolasalleurubamba.edu.pe\/salle\/contabilidad\/,https:\/\/pedagogicolasalleurubamba.edu.pe\/salle\/construccion-civil\/,https:\/\/pedagogicolasalleurubamba.edu.pe\/salle\/electricidad-industrial\/,https:\/\/pedagogicolasalleurubamba.edu.pe\/salle\/electronica-industrial\/,https:\/\/pedagogicolasalleurubamba.edu.pe\/salle\/guia-oficial-de-turismo\/,https:\/\/pedagogicolasalleurubamba.edu.pe\/salle\/mecanica-automotriz\/,https:\/\/pedagogicolasalleurubamba.edu.pe\/salle\/mecanica-de-produccion-industrial\/,https:\/\/pedagogicolasalleurubamba.edu.pe\/salle\/produccion-agropecuaria\/\" target=\"_blank\" class=\"broken_link\"><figure class=\"swiper-slide-inner\"><img decoding=\"async\" class=\"swiper-slide-image\" src=\"https:\/\/pedagogicolasalleurubamba.edu.pe\/salle\/wp-content\/uploads\/2023\/12\/EF-1.png\" alt=\"EF\" \/><\/figure><\/a><\/div><div class=\"swiper-slide\" role=\"group\" aria-roledescription=\"slide\" aria-label=\"3 de 4\"><a lightbox=\"yes\" slideshow=\"ca67216\" title=\"IEI\" hash=\"#elementor-action%3Aaction%3Dlightbox%26settings%3DeyJpZCI6MzUyNCwidXJsIjoiaHR0cHM6XC9cL3BlZGFnb2dpY29sYXNhbGxldXJ1YmFtYmEuZWR1LnBlXC9zYWxsZVwvd3AtY29udGVudFwvdXBsb2Fkc1wvMjAyM1wvMTJcL0lFSS5wbmciLCJzbGlkZXNob3ciOiJjYTY3MjE2In0%3D\" href=\"https:\/\/pedagogicolasalleurubamba.edu.pe\/salle\/administracion-de-servicios-de-hosteleria_y_restaurantes\/,https:\/\/pedagogicolasalleurubamba.edu.pe\/salle\/arquitectura-de-plataformas-y-servicios-de-tecnologias-de-la-informacion\/,https:\/\/pedagogicolasalleurubamba.edu.pe\/salle\/contabilidad\/,https:\/\/pedagogicolasalleurubamba.edu.pe\/salle\/construccion-civil\/,https:\/\/pedagogicolasalleurubamba.edu.pe\/salle\/electricidad-industrial\/,https:\/\/pedagogicolasalleurubamba.edu.pe\/salle\/electronica-industrial\/,https:\/\/pedagogicolasalleurubamba.edu.pe\/salle\/guia-oficial-de-turismo\/,https:\/\/pedagogicolasalleurubamba.edu.pe\/salle\/mecanica-automotriz\/,https:\/\/pedagogicolasalleurubamba.edu.pe\/salle\/mecanica-de-produccion-industrial\/,https:\/\/pedagogicolasalleurubamba.edu.pe\/salle\/produccion-agropecuaria\/\" target=\"_blank\" class=\"broken_link\"><figure class=\"swiper-slide-inner\"><img decoding=\"async\" class=\"swiper-slide-image\" src=\"https:\/\/pedagogicolasalleurubamba.edu.pe\/salle\/wp-content\/uploads\/2023\/12\/IEI.png\" alt=\"IEI\" \/><\/figure><\/a><\/div><div class=\"swiper-slide\" role=\"group\" aria-roledescription=\"slide\" aria-label=\"4 de 4\"><a lightbox=\"yes\" slideshow=\"ca67216\" title=\"EIB Primaria (1)\" hash=\"#elementor-action%3Aaction%3Dlightbox%26settings%3DeyJpZCI6MzUyMywidXJsIjoiaHR0cHM6XC9cL3BlZGFnb2dpY29sYXNhbGxldXJ1YmFtYmEuZWR1LnBlXC9zYWxsZVwvd3AtY29udGVudFwvdXBsb2Fkc1wvMjAyM1wvMTJcL0VJQi1QcmltYXJpYS0xLnBuZyIsInNsaWRlc2hvdyI6ImNhNjcyMTYifQ%3D%3D\" href=\"https:\/\/pedagogicolasalleurubamba.edu.pe\/salle\/administracion-de-servicios-de-hosteleria_y_restaurantes\/,https:\/\/pedagogicolasalleurubamba.edu.pe\/salle\/arquitectura-de-plataformas-y-servicios-de-tecnologias-de-la-informacion\/,https:\/\/pedagogicolasalleurubamba.edu.pe\/salle\/contabilidad\/,https:\/\/pedagogicolasalleurubamba.edu.pe\/salle\/construccion-civil\/,https:\/\/pedagogicolasalleurubamba.edu.pe\/salle\/electricidad-industrial\/,https:\/\/pedagogicolasalleurubamba.edu.pe\/salle\/electronica-industrial\/,https:\/\/pedagogicolasalleurubamba.edu.pe\/salle\/guia-oficial-de-turismo\/,https:\/\/pedagogicolasalleurubamba.edu.pe\/salle\/mecanica-automotriz\/,https:\/\/pedagogicolasalleurubamba.edu.pe\/salle\/mecanica-de-produccion-industrial\/,https:\/\/pedagogicolasalleurubamba.edu.pe\/salle\/produccion-agropecuaria\/\" target=\"_blank\" class=\"broken_link\"><figure class=\"swiper-slide-inner\"><img decoding=\"async\" class=\"swiper-slide-image\" src=\"https:\/\/pedagogicolasalleurubamba.edu.pe\/salle\/wp-content\/uploads\/2023\/12\/EIB-Primaria-1.png\" alt=\"EIB Primaria (1)\" \/><\/figure><\/a><\/div>\t\t\t<\/div>\n\t\t\t\t\t\t\t\n\t\t\t\t\t\t\t\t\t<div class=\"swiper-pagination\"><\/div>\n\t\t\t\t\t\t\t\t\t<\/div>\n\t\t\t\t\t\t<\/div>\n\t\t\t\t<\/div>\n\t\t\t\t\t<\/div>\n\t\t<\/div>\n\t\t\t\t\t<\/div>\n\t\t<\/section>\n\t\t\t\t<\/div>\n\t\t","protected":false},"excerpt":{"rendered":"<p class=\"tx-excerpt\">DESCRIPCI\u00d3N DEL PROGRAMA DE ESTUDIO El Programa de Estudios de Educaci\u00f3n en Idiomas, especialidad ingl\u00e9s tiene como misi\u00f3n la formaci\u00f3n integral del futuro<div class=\"tx-read-more\"><a href=\"https:\/\/pedagogicolasalleurubamba.edu.pe\/salle\/idiomas-especialidad-ingles\/\">Seguir Leyendo<\/a><\/div>","protected":false},"author":1,"featured_media":0,"parent":0,"menu_order":0,"comment_status":"closed","ping_status":"closed","template":"","meta":{"footnotes":""},"class_list":["post-2375","page","type-page","status-publish","hentry"],"_links":{"self":[{"href":"https:\/\/pedagogicolasalleurubamba.edu.pe\/salle\/wp-json\/wp\/v2\/pages\/2375","targetHints":{"allow":["GET"]}}],"collection":[{"href":"https:\/\/pedagogicolasalleurubamba.edu.pe\/salle\/wp-json\/wp\/v2\/pages"}],"about":[{"href":"https:\/\/pedagogicolasalleurubamba.edu.pe\/salle\/wp-json\/wp\/v2\/types\/page"}],"author":[{"embeddable":true,"href":"https:\/\/pedagogicolasalleurubamba.edu.pe\/salle\/wp-json\/wp\/v2\/users\/1"}],"replies":[{"embeddable":true,"href":"https:\/\/pedagogicolasalleurubamba.edu.pe\/salle\/wp-json\/wp\/v2\/comments?post=2375"}],"version-history":[{"count":20,"href":"https:\/\/pedagogicolasalleurubamba.edu.pe\/salle\/wp-json\/wp\/v2\/pages\/2375\/revisions"}],"predecessor-version":[{"id":3563,"href":"https:\/\/pedagogicolasalleurubamba.edu.pe\/salle\/wp-json\/wp\/v2\/pages\/2375\/revisions\/3563"}],"wp:attachment":[{"href":"https:\/\/pedagogicolasalleurubamba.edu.pe\/salle\/wp-json\/wp\/v2\/media?parent=2375"}],"curies":[{"name":"wp","href":"https:\/\/api.w.org\/{rel}","templated":true}]}}