{"id":4392,"date":"2024-08-16T11:50:04","date_gmt":"2024-08-16T16:50:04","guid":{"rendered":"https:\/\/pedagogicolasalleurubamba.edu.pe\/salle\/?page_id=4392"},"modified":"2024-09-02T08:57:01","modified_gmt":"2024-09-02T13:57:01","slug":"soporte-medico","status":"publish","type":"page","link":"https:\/\/pedagogicolasalleurubamba.edu.pe\/salle\/soporte-medico\/","title":{"rendered":"Soporte M\u00e9dico"},"content":{"rendered":"\t\t<div data-elementor-type=\"wp-page\" data-elementor-id=\"4392\" class=\"elementor elementor-4392\">\n\t\t\t\t\t\t<section class=\"elementor-section elementor-top-section elementor-element elementor-element-b27f73f elementor-section-boxed elementor-section-height-default elementor-section-height-default\" data-id=\"b27f73f\" data-element_type=\"section\">\n\t\t\t\t\t\t<div class=\"elementor-container elementor-column-gap-default\">\n\t\t\t\t\t<div class=\"elementor-column elementor-col-33 elementor-top-column elementor-element elementor-element-815812d\" data-id=\"815812d\" data-element_type=\"column\">\n\t\t\t<div class=\"elementor-widget-wrap elementor-element-populated\">\n\t\t\t\t\t\t<div class=\"elementor-element elementor-element-77b48b6 elementor-widget elementor-widget-text-editor\" data-id=\"77b48b6\" data-element_type=\"widget\" data-widget_type=\"text-editor.default\">\n\t\t\t\t<div class=\"elementor-widget-container\">\n\t\t\t\t\t\t\t\t\t<p style=\"text-align: center;\"><strong>SOPORTE MEDICO DE LA EESPP LA SALLE<\/strong><\/p>\n<p>El presente servicio de soporte medico se desarrolla el t\u00f3pico de enfermer\u00eda de la EESPP La Salle; el cual busca el fortalecimiento f\u00edsico, mental y social de toda la comunidad educativa.<\/p>\n<p>Esto a trav\u00e9s del desarrollo de programas de salud p\u00fablica, dirigido a los estudiantes, docentes, personal directivo y administrativo. Con el fin de propiciar el desarrollo f\u00edsico, integral y familiar, desarrollando actividades que contribuyan al mejoramiento del bienestar de la comunidad educativa.<\/p>\n<p>Del servicio de soporte m\u00e9dico:<\/p>\n<ul>\n<li>Realizar atenci\u00f3n primaria y primeros auxilios, a los integrantes de la EESPP La Salle<span style=\"color: var( --e-global-color-text ); font-family: var( --e-global-typography-text-font-family ), Sans-serif; font-weight: var( --e-global-typography-text-font-weight );\">, caso de enfermedad o accidente.<\/span><\/li>\n<li>Remitir a los pacientes que lo requieran a los servicios m\u00e9dicos de su&nbsp;<span style=\"color: var( --e-global-color-text ); font-family: var( --e-global-typography-text-font-family ), Sans-serif; font-weight: var( --e-global-typography-text-font-weight );\">respectiva entidad promotora de salud y\/o seguro.<\/span><\/li>\n<li>Remitir el formato de reporte de emergencias m\u00e9dicas.<\/li>\n<\/ul>\n<p>Contacto:<\/p>\n<ul>\n<li>Tec. Florez Quispe Flor Noelia .<\/li>\n<\/ul>\t\t\t\t\t\t\t\t<\/div>\n\t\t\t\t<\/div>\n\t\t\t\t\t<\/div>\n\t\t<\/div>\n\t\t\t\t<div class=\"elementor-column elementor-col-66 elementor-top-column elementor-element elementor-element-beb41f3\" data-id=\"beb41f3\" data-element_type=\"column\">\n\t\t\t<div class=\"elementor-widget-wrap elementor-element-populated\">\n\t\t\t\t\t\t<div class=\"elementor-element elementor-element-719cad2 elementor-widget elementor-widget-image\" data-id=\"719cad2\" data-element_type=\"widget\" data-widget_type=\"image.default\">\n\t\t\t\t<div class=\"elementor-widget-container\">\n\t\t\t\t\t\t\t\t\t\t\t\t\t\t\t<img fetchpriority=\"high\" decoding=\"async\" width=\"1024\" height=\"1015\" src=\"https:\/\/pedagogicolasalleurubamba.edu.pe\/salle\/wp-content\/uploads\/2024\/08\/sm-1024x1015.jpg\" class=\"attachment-large size-large wp-image-4396\" alt=\"\" srcset=\"https:\/\/pedagogicolasalleurubamba.edu.pe\/salle\/wp-content\/uploads\/2024\/08\/sm-1024x1015.jpg 1024w, https:\/\/pedagogicolasalleurubamba.edu.pe\/salle\/wp-content\/uploads\/2024\/08\/sm-300x297.jpg 300w, https:\/\/pedagogicolasalleurubamba.edu.pe\/salle\/wp-content\/uploads\/2024\/08\/sm-150x150.jpg 150w, https:\/\/pedagogicolasalleurubamba.edu.pe\/salle\/wp-content\/uploads\/2024\/08\/sm-768x761.jpg 768w, https:\/\/pedagogicolasalleurubamba.edu.pe\/salle\/wp-content\/uploads\/2024\/08\/sm-1536x1522.jpg 1536w, https:\/\/pedagogicolasalleurubamba.edu.pe\/salle\/wp-content\/uploads\/2024\/08\/sm-2048x2030.jpg 2048w, https:\/\/pedagogicolasalleurubamba.edu.pe\/salle\/wp-content\/uploads\/2024\/08\/sm-1292x1280.jpg 1292w\" sizes=\"(max-width: 1024px) 100vw, 1024px\" \/>\t\t\t\t\t\t\t\t\t\t\t\t\t\t\t<\/div>\n\t\t\t\t<\/div>\n\t\t\t\t\t<\/div>\n\t\t<\/div>\n\t\t\t\t\t<\/div>\n\t\t<\/section>\n\t\t\t\t<section class=\"elementor-section elementor-top-section elementor-element elementor-element-b635077 elementor-section-boxed elementor-section-height-default elementor-section-height-default\" data-id=\"b635077\" data-element_type=\"section\">\n\t\t\t\t\t\t<div class=\"elementor-container elementor-column-gap-default\">\n\t\t\t\t\t<div class=\"elementor-column elementor-col-100 elementor-top-column elementor-element elementor-element-7b729af\" data-id=\"7b729af\" data-element_type=\"column\">\n\t\t\t<div class=\"elementor-widget-wrap elementor-element-populated\">\n\t\t\t\t\t\t<div class=\"elementor-element elementor-element-0cc5cf8 elementor-widget elementor-widget-spacer\" data-id=\"0cc5cf8\" data-element_type=\"widget\" data-widget_type=\"spacer.default\">\n\t\t\t\t<div class=\"elementor-widget-container\">\n\t\t\t\t\t\t\t<div class=\"elementor-spacer\">\n\t\t\t<div class=\"elementor-spacer-inner\"><\/div>\n\t\t<\/div>\n\t\t\t\t\t\t<\/div>\n\t\t\t\t<\/div>\n\t\t\t\t\t<\/div>\n\t\t<\/div>\n\t\t\t\t\t<\/div>\n\t\t<\/section>\n\t\t\t\t<section class=\"elementor-section elementor-top-section elementor-element elementor-element-ea478ed elementor-section-boxed elementor-section-height-default elementor-section-height-default\" data-id=\"ea478ed\" data-element_type=\"section\">\n\t\t\t\t\t\t<div class=\"elementor-container elementor-column-gap-default\">\n\t\t\t\t\t<div class=\"elementor-column elementor-col-33 elementor-top-column elementor-element elementor-element-7a18316\" data-id=\"7a18316\" data-element_type=\"column\">\n\t\t\t<div class=\"elementor-widget-wrap elementor-element-populated\">\n\t\t\t\t\t\t<div class=\"elementor-element elementor-element-9682445 elementor-widget elementor-widget-image\" data-id=\"9682445\" data-element_type=\"widget\" data-widget_type=\"image.default\">\n\t\t\t\t<div class=\"elementor-widget-container\">\n\t\t\t\t\t\t\t\t\t\t\t\t<figure class=\"wp-caption\">\n\t\t\t\t\t\t\t\t\t\t\t<a href=\"https:\/\/pedagogicolasallecusco-my.sharepoint.com\/:x:\/r\/personal\/dinamizadoreva_pedagogicolasalleurubamba_edu_pe\/Documents\/SOPORTE%20MEDICO%202024\/matriz%20EESPP%20LA%20SALLE.xlsx?d=wccbef2c3bfd34fc2a42690bc4bc9d07e&#038;csf=1&#038;web=1&#038;e=dQOFwJ\">\n\t\t\t\t\t\t\t<img decoding=\"async\" width=\"300\" height=\"195\" src=\"https:\/\/pedagogicolasalleurubamba.edu.pe\/salle\/wp-content\/uploads\/2024\/07\/female-doctor-icon-woman-doctor-icon-symbol-with-on-line-support-wearing-headphone-free-vector-e1722346056671-300x195.jpg\" class=\"attachment-medium size-medium wp-image-4325\" alt=\"\" \/>\t\t\t\t\t\t\t\t<\/a>\n\t\t\t\t\t\t\t\t\t\t\t<figcaption class=\"widget-image-caption wp-caption-text\">Registro de Atenciones <\/figcaption>\n\t\t\t\t\t\t\t\t\t\t<\/figure>\n\t\t\t\t\t\t\t\t\t<\/div>\n\t\t\t\t<\/div>\n\t\t\t\t\t<\/div>\n\t\t<\/div>\n\t\t\t\t<div class=\"elementor-column elementor-col-33 elementor-top-column elementor-element elementor-element-d6d8dfc\" data-id=\"d6d8dfc\" data-element_type=\"column\">\n\t\t\t<div class=\"elementor-widget-wrap elementor-element-populated\">\n\t\t\t\t\t\t<div class=\"elementor-element elementor-element-6aa475f elementor-widget elementor-widget-image\" data-id=\"6aa475f\" data-element_type=\"widget\" data-widget_type=\"image.default\">\n\t\t\t\t<div class=\"elementor-widget-container\">\n\t\t\t\t\t\t\t\t\t\t\t\t<figure class=\"wp-caption\">\n\t\t\t\t\t\t\t\t\t\t<img decoding=\"async\" width=\"260\" height=\"173\" src=\"https:\/\/pedagogicolasalleurubamba.edu.pe\/salle\/wp-content\/uploads\/2022\/11\/Simulacro.png\" class=\"attachment-large size-large wp-image-1273\" alt=\"\" \/>\t\t\t\t\t\t\t\t\t\t\t<figcaption class=\"widget-image-caption wp-caption-text\">Bibliograf\u00eda M\u00e9dico<\/figcaption>\n\t\t\t\t\t\t\t\t\t\t<\/figure>\n\t\t\t\t\t\t\t\t\t<\/div>\n\t\t\t\t<\/div>\n\t\t\t\t\t<\/div>\n\t\t<\/div>\n\t\t\t\t<div class=\"elementor-column elementor-col-33 elementor-top-column elementor-element elementor-element-bdf9938\" data-id=\"bdf9938\" data-element_type=\"column\">\n\t\t\t<div class=\"elementor-widget-wrap\">\n\t\t\t\t\t\t\t<\/div>\n\t\t<\/div>\n\t\t\t\t\t<\/div>\n\t\t<\/section>\n\t\t\t\t<section class=\"elementor-section elementor-top-section elementor-element elementor-element-ac7af5a elementor-section-boxed elementor-section-height-default elementor-section-height-default\" data-id=\"ac7af5a\" data-element_type=\"section\">\n\t\t\t\t\t\t<div class=\"elementor-container elementor-column-gap-default\">\n\t\t\t\t\t<div class=\"elementor-column elementor-col-100 elementor-top-column elementor-element elementor-element-fa6cda2\" data-id=\"fa6cda2\" data-element_type=\"column\">\n\t\t\t<div class=\"elementor-widget-wrap\">\n\t\t\t\t\t\t\t<\/div>\n\t\t<\/div>\n\t\t\t\t\t<\/div>\n\t\t<\/section>\n\t\t\t\t<\/div>\n\t\t","protected":false},"excerpt":{"rendered":"<p class=\"tx-excerpt\">SOPORTE MEDICO DE LA EESPP LA SALLE El presente servicio de soporte medico se desarrolla el t\u00f3pico de enfermer\u00eda de la EESPP La<div class=\"tx-read-more\"><a href=\"https:\/\/pedagogicolasalleurubamba.edu.pe\/salle\/soporte-medico\/\">Seguir Leyendo<\/a><\/div>","protected":false},"author":2,"featured_media":0,"parent":0,"menu_order":0,"comment_status":"closed","ping_status":"closed","template":"","meta":{"footnotes":""},"class_list":["post-4392","page","type-page","status-publish","hentry"],"_links":{"self":[{"href":"https:\/\/pedagogicolasalleurubamba.edu.pe\/salle\/wp-json\/wp\/v2\/pages\/4392","targetHints":{"allow":["GET"]}}],"collection":[{"href":"https:\/\/pedagogicolasalleurubamba.edu.pe\/salle\/wp-json\/wp\/v2\/pages"}],"about":[{"href":"https:\/\/pedagogicolasalleurubamba.edu.pe\/salle\/wp-json\/wp\/v2\/types\/page"}],"author":[{"embeddable":true,"href":"https:\/\/pedagogicolasalleurubamba.edu.pe\/salle\/wp-json\/wp\/v2\/users\/2"}],"replies":[{"embeddable":true,"href":"https:\/\/pedagogicolasalleurubamba.edu.pe\/salle\/wp-json\/wp\/v2\/comments?post=4392"}],"version-history":[{"count":13,"href":"https:\/\/pedagogicolasalleurubamba.edu.pe\/salle\/wp-json\/wp\/v2\/pages\/4392\/revisions"}],"predecessor-version":[{"id":4457,"href":"https:\/\/pedagogicolasalleurubamba.edu.pe\/salle\/wp-json\/wp\/v2\/pages\/4392\/revisions\/4457"}],"wp:attachment":[{"href":"https:\/\/pedagogicolasalleurubamba.edu.pe\/salle\/wp-json\/wp\/v2\/media?parent=4392"}],"curies":[{"name":"wp","href":"https:\/\/api.w.org\/{rel}","templated":true}]}}