{"id":4411,"date":"2024-08-16T12:33:56","date_gmt":"2024-08-16T17:33:56","guid":{"rendered":"https:\/\/pedagogicolasalleurubamba.edu.pe\/salle\/?page_id=4411"},"modified":"2024-08-16T12:36:18","modified_gmt":"2024-08-16T17:36:18","slug":"dinamizador-eva","status":"publish","type":"page","link":"https:\/\/pedagogicolasalleurubamba.edu.pe\/salle\/dinamizador-eva\/","title":{"rendered":"Dinamizador EVA"},"content":{"rendered":"\t\t<div data-elementor-type=\"wp-page\" data-elementor-id=\"4411\" class=\"elementor elementor-4411\">\n\t\t\t\t\t\t<section class=\"elementor-section elementor-top-section elementor-element elementor-element-bf9f267 elementor-section-boxed elementor-section-height-default elementor-section-height-default\" data-id=\"bf9f267\" data-element_type=\"section\">\n\t\t\t\t\t\t<div class=\"elementor-container elementor-column-gap-default\">\n\t\t\t\t\t<div class=\"elementor-column elementor-col-66 elementor-top-column elementor-element elementor-element-a145ca3\" data-id=\"a145ca3\" data-element_type=\"column\">\n\t\t\t<div class=\"elementor-widget-wrap elementor-element-populated\">\n\t\t\t\t\t\t<div class=\"elementor-element elementor-element-16844f1 elementor-widget elementor-widget-text-editor\" data-id=\"16844f1\" data-element_type=\"widget\" data-widget_type=\"text-editor.default\">\n\t\t\t\t<div class=\"elementor-widget-container\">\n\t\t\t\t\t\t\t\t\t<p style=\"text-align: center;\"><strong>DINAMIZADOR EVA<\/strong><\/p>\n<p>El DINAMIZADOR DE ENTORNOS VIRTUALES DE APRENDIZAJE; tiene como principal objetivo, establecer los procedimientos y procesos para optimizar el funcionamiento y propiciar el uso adecuado de la plataforma virtual de aprendizaje; Un entorno virtual de aprendizaje es un espacio educativo alojado en la web, con un conjunto de herramientas inform\u00e1ticas que posibilitan la interacci\u00f3n did\u00e1ctica de manera que el alumno pueda llevar a cabo las labores propias de la docencia como son conversar, leer documentos, realizar ejercicios, formular preguntas al docente, trabajar en equipo\u2026 etc. Todo ello de forma simulada sin que medie una interacci\u00f3n f\u00edsica entre docentes y alumnos.<\/p>\n<p>Las acciones pedag\u00f3gicas se trabajar\u00e1n estrechamente con el equipo de fortalecimiento de DIFOID, y las acciones t\u00e9cnicas de la plataforma con la coordinaci\u00f3n de gesti\u00f3n de la Informaci\u00f3n de DIFOID.<\/p><p>Contacto:<\/p><p>Bach.Zenaida Mar Pacheco<\/p>\n<p><\/p>\t\t\t\t\t\t\t\t<\/div>\n\t\t\t\t<\/div>\n\t\t\t\t\t<\/div>\n\t\t<\/div>\n\t\t\t\t<div class=\"elementor-column elementor-col-33 elementor-top-column elementor-element elementor-element-b57f07a\" data-id=\"b57f07a\" data-element_type=\"column\">\n\t\t\t<div class=\"elementor-widget-wrap elementor-element-populated\">\n\t\t\t\t\t\t<div class=\"elementor-element elementor-element-e6af442 elementor-widget elementor-widget-image\" data-id=\"e6af442\" data-element_type=\"widget\" data-widget_type=\"image.default\">\n\t\t\t\t<div class=\"elementor-widget-container\">\n\t\t\t\t\t\t\t\t\t\t\t\t\t\t\t<img fetchpriority=\"high\" decoding=\"async\" width=\"1024\" height=\"768\" src=\"https:\/\/pedagogicolasalleurubamba.edu.pe\/salle\/wp-content\/uploads\/2024\/08\/WhatsApp-Image-2024-05-28-at-9.46.43-AM-2-1024x768.jpeg\" class=\"attachment-large size-large wp-image-4412\" alt=\"\" srcset=\"https:\/\/pedagogicolasalleurubamba.edu.pe\/salle\/wp-content\/uploads\/2024\/08\/WhatsApp-Image-2024-05-28-at-9.46.43-AM-2-1024x768.jpeg 1024w, https:\/\/pedagogicolasalleurubamba.edu.pe\/salle\/wp-content\/uploads\/2024\/08\/WhatsApp-Image-2024-05-28-at-9.46.43-AM-2-300x225.jpeg 300w, https:\/\/pedagogicolasalleurubamba.edu.pe\/salle\/wp-content\/uploads\/2024\/08\/WhatsApp-Image-2024-05-28-at-9.46.43-AM-2-768x576.jpeg 768w, https:\/\/pedagogicolasalleurubamba.edu.pe\/salle\/wp-content\/uploads\/2024\/08\/WhatsApp-Image-2024-05-28-at-9.46.43-AM-2-100x75.jpeg 100w, https:\/\/pedagogicolasalleurubamba.edu.pe\/salle\/wp-content\/uploads\/2024\/08\/WhatsApp-Image-2024-05-28-at-9.46.43-AM-2.jpeg 1280w\" sizes=\"(max-width: 1024px) 100vw, 1024px\" \/>\t\t\t\t\t\t\t\t\t\t\t\t\t\t\t<\/div>\n\t\t\t\t<\/div>\n\t\t\t\t\t<\/div>\n\t\t<\/div>\n\t\t\t\t\t<\/div>\n\t\t<\/section>\n\t\t\t\t<\/div>\n\t\t","protected":false},"excerpt":{"rendered":"<p class=\"tx-excerpt\">DINAMIZADOR EVA El DINAMIZADOR DE ENTORNOS VIRTUALES DE APRENDIZAJE; tiene como principal objetivo, establecer los procedimientos y procesos para optimizar el funcionamiento y<div class=\"tx-read-more\"><a href=\"https:\/\/pedagogicolasalleurubamba.edu.pe\/salle\/dinamizador-eva\/\">Seguir Leyendo<\/a><\/div>","protected":false},"author":2,"featured_media":0,"parent":0,"menu_order":0,"comment_status":"closed","ping_status":"closed","template":"","meta":{"footnotes":""},"class_list":["post-4411","page","type-page","status-publish","hentry"],"_links":{"self":[{"href":"https:\/\/pedagogicolasalleurubamba.edu.pe\/salle\/wp-json\/wp\/v2\/pages\/4411","targetHints":{"allow":["GET"]}}],"collection":[{"href":"https:\/\/pedagogicolasalleurubamba.edu.pe\/salle\/wp-json\/wp\/v2\/pages"}],"about":[{"href":"https:\/\/pedagogicolasalleurubamba.edu.pe\/salle\/wp-json\/wp\/v2\/types\/page"}],"author":[{"embeddable":true,"href":"https:\/\/pedagogicolasalleurubamba.edu.pe\/salle\/wp-json\/wp\/v2\/users\/2"}],"replies":[{"embeddable":true,"href":"https:\/\/pedagogicolasalleurubamba.edu.pe\/salle\/wp-json\/wp\/v2\/comments?post=4411"}],"version-history":[{"count":3,"href":"https:\/\/pedagogicolasalleurubamba.edu.pe\/salle\/wp-json\/wp\/v2\/pages\/4411\/revisions"}],"predecessor-version":[{"id":4415,"href":"https:\/\/pedagogicolasalleurubamba.edu.pe\/salle\/wp-json\/wp\/v2\/pages\/4411\/revisions\/4415"}],"wp:attachment":[{"href":"https:\/\/pedagogicolasalleurubamba.edu.pe\/salle\/wp-json\/wp\/v2\/media?parent=4411"}],"curies":[{"name":"wp","href":"https:\/\/api.w.org\/{rel}","templated":true}]}}