{"id":526,"date":"2022-10-27T20:48:14","date_gmt":"2022-10-28T01:48:14","guid":{"rendered":"https:\/\/iesvilcanota.edu.pe\/?page_id=526"},"modified":"2024-05-06T12:59:19","modified_gmt":"2024-05-06T17:59:19","slug":"mision-vision","status":"publish","type":"page","link":"https:\/\/pedagogicolasalleurubamba.edu.pe\/salle\/mision-vision\/","title":{"rendered":"Misi\u00f3n Visi\u00f3n y Valores"},"content":{"rendered":"\t\t<div data-elementor-type=\"wp-page\" data-elementor-id=\"526\" class=\"elementor elementor-526\">\n\t\t\t\t\t\t<section class=\"elementor-section elementor-top-section elementor-element elementor-element-9a022aa elementor-section-stretched elementor-section-boxed elementor-section-height-default elementor-section-height-default\" data-id=\"9a022aa\" data-element_type=\"section\" data-settings=\"{&quot;stretch_section&quot;:&quot;section-stretched&quot;}\">\n\t\t\t\t\t\t<div class=\"elementor-container elementor-column-gap-default\">\n\t\t\t\t\t<div class=\"elementor-column elementor-col-50 elementor-top-column elementor-element elementor-element-fd3b57e\" data-id=\"fd3b57e\" data-element_type=\"column\">\n\t\t\t<div class=\"elementor-widget-wrap elementor-element-populated\">\n\t\t\t\t\t\t<div class=\"elementor-element elementor-element-c976a4d elementor-invisible elementor-widget elementor-widget-heading\" data-id=\"c976a4d\" data-element_type=\"widget\" data-settings=\"{&quot;_animation&quot;:&quot;fadeIn&quot;}\" data-widget_type=\"heading.default\">\n\t\t\t\t<div class=\"elementor-widget-container\">\n\t\t\t\t\t<h1 class=\"elementor-heading-title elementor-size-default\">MISI\u00d3N INSTITUCIONAL<\/h1>\t\t\t\t<\/div>\n\t\t\t\t<\/div>\n\t\t\t\t<div class=\"elementor-element elementor-element-ef290ce elementor-widget-divider--separator-type-pattern elementor-widget-divider--view-line elementor-widget elementor-widget-divider\" data-id=\"ef290ce\" data-element_type=\"widget\" data-widget_type=\"divider.default\">\n\t\t\t\t<div class=\"elementor-widget-container\">\n\t\t\t\t\t\t\t<div class=\"elementor-divider\" style=\"--divider-pattern-url: url(&quot;data:image\/svg+xml,%3Csvg xmlns=&#039;http:\/\/www.w3.org\/2000\/svg&#039; preserveAspectRatio=&#039;none&#039; overflow=&#039;visible&#039; height=&#039;100%&#039; viewBox=&#039;0 0 20 16&#039; fill=&#039;none&#039; stroke=&#039;black&#039; stroke-width=&#039;1.6&#039; stroke-linecap=&#039;square&#039; stroke-miterlimit=&#039;10&#039;%3E%3Cg transform=&#039;translate(-12.000000, 0)&#039;%3E%3Cpath d=&#039;M28,0L10,18&#039;\/%3E%3Cpath d=&#039;M18,0L0,18&#039;\/%3E%3Cpath d=&#039;M48,0L30,18&#039;\/%3E%3Cpath d=&#039;M38,0L20,18&#039;\/%3E%3C\/g%3E%3C\/svg%3E&quot;);\">\n\t\t\t<span class=\"elementor-divider-separator\">\n\t\t\t\t\t\t<\/span>\n\t\t<\/div>\n\t\t\t\t\t\t<\/div>\n\t\t\t\t<\/div>\n\t\t\t\t<div class=\"elementor-element elementor-element-63cf30d elementor-widget elementor-widget-text-editor\" data-id=\"63cf30d\" data-element_type=\"widget\" data-widget_type=\"text-editor.default\">\n\t\t\t\t<div class=\"elementor-widget-container\">\n\t\t\t\t\t\t\t\t\t<p>\u201cFormar docentes \u00edntegros y competentes, comprometidos con la educaci\u00f3n de calidad, la innovaci\u00f3n pedag\u00f3gica y el desarrollo sostenible, inspirados en los valores lasallistas y la realidad sociocultural de Urubamba\u201d.<\/p>\t\t\t\t\t\t\t\t<\/div>\n\t\t\t\t<\/div>\n\t\t\t\t\t<\/div>\n\t\t<\/div>\n\t\t\t\t<div class=\"elementor-column elementor-col-50 elementor-top-column elementor-element elementor-element-b168c89\" data-id=\"b168c89\" data-element_type=\"column\">\n\t\t\t<div class=\"elementor-widget-wrap elementor-element-populated\">\n\t\t\t\t\t\t<div class=\"elementor-element elementor-element-ed70baf elementor-widget elementor-widget-image\" data-id=\"ed70baf\" data-element_type=\"widget\" data-widget_type=\"image.default\">\n\t\t\t\t<div class=\"elementor-widget-container\">\n\t\t\t\t\t\t\t\t\t\t\t\t\t\t\t<img fetchpriority=\"high\" decoding=\"async\" width=\"1024\" height=\"683\" src=\"https:\/\/pedagogicolasalleurubamba.edu.pe\/salle\/wp-content\/uploads\/2023\/10\/IMG_2285-1-1024x683.jpg\" class=\"attachment-large size-large wp-image-3394\" alt=\"\" srcset=\"https:\/\/pedagogicolasalleurubamba.edu.pe\/salle\/wp-content\/uploads\/2023\/10\/IMG_2285-1-1024x683.jpg 1024w, https:\/\/pedagogicolasalleurubamba.edu.pe\/salle\/wp-content\/uploads\/2023\/10\/IMG_2285-1-300x200.jpg 300w, https:\/\/pedagogicolasalleurubamba.edu.pe\/salle\/wp-content\/uploads\/2023\/10\/IMG_2285-1-768x512.jpg 768w, https:\/\/pedagogicolasalleurubamba.edu.pe\/salle\/wp-content\/uploads\/2023\/10\/IMG_2285-1-1536x1024.jpg 1536w, https:\/\/pedagogicolasalleurubamba.edu.pe\/salle\/wp-content\/uploads\/2023\/10\/IMG_2285-1-2048x1365.jpg 2048w, https:\/\/pedagogicolasalleurubamba.edu.pe\/salle\/wp-content\/uploads\/2023\/10\/IMG_2285-1-1920x1280.jpg 1920w\" sizes=\"(max-width: 1024px) 100vw, 1024px\" \/>\t\t\t\t\t\t\t\t\t\t\t\t\t\t\t<\/div>\n\t\t\t\t<\/div>\n\t\t\t\t\t<\/div>\n\t\t<\/div>\n\t\t\t\t\t<\/div>\n\t\t<\/section>\n\t\t\t\t<section class=\"elementor-section elementor-top-section elementor-element elementor-element-8b11121 elementor-section-stretched elementor-section-boxed elementor-section-height-default elementor-section-height-default\" data-id=\"8b11121\" data-element_type=\"section\" data-settings=\"{&quot;stretch_section&quot;:&quot;section-stretched&quot;}\">\n\t\t\t\t\t\t<div class=\"elementor-container elementor-column-gap-default\">\n\t\t\t\t\t<div class=\"elementor-column elementor-col-50 elementor-top-column elementor-element elementor-element-1547393\" data-id=\"1547393\" data-element_type=\"column\">\n\t\t\t<div class=\"elementor-widget-wrap elementor-element-populated\">\n\t\t\t\t\t\t<div class=\"elementor-element elementor-element-c621221 elementor-widget elementor-widget-image\" data-id=\"c621221\" data-element_type=\"widget\" data-widget_type=\"image.default\">\n\t\t\t\t<div class=\"elementor-widget-container\">\n\t\t\t\t\t\t\t\t\t\t\t\t\t\t\t<img decoding=\"async\" width=\"1024\" height=\"768\" src=\"https:\/\/pedagogicolasalleurubamba.edu.pe\/salle\/wp-content\/uploads\/2024\/01\/WhatsApp-Image-2024-01-23-at-7.09.40-PM-1024x768.jpeg\" class=\"attachment-large size-large wp-image-3572\" alt=\"\" srcset=\"https:\/\/pedagogicolasalleurubamba.edu.pe\/salle\/wp-content\/uploads\/2024\/01\/WhatsApp-Image-2024-01-23-at-7.09.40-PM-1024x768.jpeg 1024w, https:\/\/pedagogicolasalleurubamba.edu.pe\/salle\/wp-content\/uploads\/2024\/01\/WhatsApp-Image-2024-01-23-at-7.09.40-PM-300x225.jpeg 300w, https:\/\/pedagogicolasalleurubamba.edu.pe\/salle\/wp-content\/uploads\/2024\/01\/WhatsApp-Image-2024-01-23-at-7.09.40-PM-768x576.jpeg 768w, https:\/\/pedagogicolasalleurubamba.edu.pe\/salle\/wp-content\/uploads\/2024\/01\/WhatsApp-Image-2024-01-23-at-7.09.40-PM-1536x1152.jpeg 1536w, https:\/\/pedagogicolasalleurubamba.edu.pe\/salle\/wp-content\/uploads\/2024\/01\/WhatsApp-Image-2024-01-23-at-7.09.40-PM-100x75.jpeg 100w, https:\/\/pedagogicolasalleurubamba.edu.pe\/salle\/wp-content\/uploads\/2024\/01\/WhatsApp-Image-2024-01-23-at-7.09.40-PM.jpeg 1600w\" sizes=\"(max-width: 1024px) 100vw, 1024px\" \/>\t\t\t\t\t\t\t\t\t\t\t\t\t\t\t<\/div>\n\t\t\t\t<\/div>\n\t\t\t\t\t<\/div>\n\t\t<\/div>\n\t\t\t\t<div class=\"elementor-column elementor-col-50 elementor-top-column elementor-element elementor-element-369ce9c\" data-id=\"369ce9c\" data-element_type=\"column\">\n\t\t\t<div class=\"elementor-widget-wrap elementor-element-populated\">\n\t\t\t\t\t\t<div class=\"elementor-element elementor-element-16b11dc elementor-invisible elementor-widget elementor-widget-heading\" data-id=\"16b11dc\" data-element_type=\"widget\" data-settings=\"{&quot;_animation&quot;:&quot;fadeIn&quot;}\" data-widget_type=\"heading.default\">\n\t\t\t\t<div class=\"elementor-widget-container\">\n\t\t\t\t\t<h2 class=\"elementor-heading-title elementor-size-default\">VISI\u00d3N INSTITUCIONAL<\/h2>\t\t\t\t<\/div>\n\t\t\t\t<\/div>\n\t\t\t\t<div class=\"elementor-element elementor-element-7d2f599 elementor-widget-divider--separator-type-pattern elementor-widget-divider--view-line elementor-widget elementor-widget-divider\" data-id=\"7d2f599\" data-element_type=\"widget\" data-widget_type=\"divider.default\">\n\t\t\t\t<div class=\"elementor-widget-container\">\n\t\t\t\t\t\t\t<div class=\"elementor-divider\" style=\"--divider-pattern-url: url(&quot;data:image\/svg+xml,%3Csvg xmlns=&#039;http:\/\/www.w3.org\/2000\/svg&#039; preserveAspectRatio=&#039;none&#039; overflow=&#039;visible&#039; height=&#039;100%&#039; viewBox=&#039;0 0 20 16&#039; fill=&#039;none&#039; stroke=&#039;black&#039; stroke-width=&#039;1.6&#039; stroke-linecap=&#039;square&#039; stroke-miterlimit=&#039;10&#039;%3E%3Cg transform=&#039;translate(-12.000000, 0)&#039;%3E%3Cpath d=&#039;M28,0L10,18&#039;\/%3E%3Cpath d=&#039;M18,0L0,18&#039;\/%3E%3Cpath d=&#039;M48,0L30,18&#039;\/%3E%3Cpath d=&#039;M38,0L20,18&#039;\/%3E%3C\/g%3E%3C\/svg%3E&quot;);\">\n\t\t\t<span class=\"elementor-divider-separator\">\n\t\t\t\t\t\t<\/span>\n\t\t<\/div>\n\t\t\t\t\t\t<\/div>\n\t\t\t\t<\/div>\n\t\t\t\t<div class=\"elementor-element elementor-element-f2a237a elementor-widget elementor-widget-text-editor\" data-id=\"f2a237a\" data-element_type=\"widget\" data-widget_type=\"text-editor.default\">\n\t\t\t\t<div class=\"elementor-widget-container\">\n\t\t\t\t\t\t\t\t\t<p>\u201cSer una instituci\u00f3n educativa l\u00edder en la formaci\u00f3n de docentes transformadores, reconocidos por su excelencia profesional, \u00e9tica y compromiso con la comunidad, impactando positivamente en la educaci\u00f3n peruana y contribuyendo al desarrollo humano integral de la regi\u00f3n de Urubamba\u201d.<\/p>\t\t\t\t\t\t\t\t<\/div>\n\t\t\t\t<\/div>\n\t\t\t\t\t<\/div>\n\t\t<\/div>\n\t\t\t\t\t<\/div>\n\t\t<\/section>\n\t\t\t\t<section class=\"elementor-section elementor-top-section elementor-element elementor-element-2863fb6 elementor-section-stretched elementor-section-boxed elementor-section-height-default elementor-section-height-default\" data-id=\"2863fb6\" data-element_type=\"section\" data-settings=\"{&quot;stretch_section&quot;:&quot;section-stretched&quot;}\">\n\t\t\t\t\t\t<div class=\"elementor-container elementor-column-gap-default\">\n\t\t\t\t\t<div class=\"elementor-column elementor-col-100 elementor-top-column elementor-element elementor-element-b43f646\" data-id=\"b43f646\" data-element_type=\"column\">\n\t\t\t<div class=\"elementor-widget-wrap elementor-element-populated\">\n\t\t\t\t\t\t<div class=\"elementor-element elementor-element-f3aca8b elementor-invisible elementor-widget elementor-widget-heading\" data-id=\"f3aca8b\" data-element_type=\"widget\" data-settings=\"{&quot;_animation&quot;:&quot;fadeIn&quot;}\" data-widget_type=\"heading.default\">\n\t\t\t\t<div class=\"elementor-widget-container\">\n\t\t\t\t\t<h2 class=\"elementor-heading-title elementor-size-default\">VALORES INSTITUCIONALES<\/h2>\t\t\t\t<\/div>\n\t\t\t\t<\/div>\n\t\t\t\t<div class=\"elementor-element elementor-element-2de0f8d elementor-widget-divider--separator-type-pattern elementor-widget-divider--view-line elementor-widget elementor-widget-divider\" data-id=\"2de0f8d\" data-element_type=\"widget\" data-widget_type=\"divider.default\">\n\t\t\t\t<div class=\"elementor-widget-container\">\n\t\t\t\t\t\t\t<div class=\"elementor-divider\" style=\"--divider-pattern-url: url(&quot;data:image\/svg+xml,%3Csvg xmlns=&#039;http:\/\/www.w3.org\/2000\/svg&#039; preserveAspectRatio=&#039;none&#039; overflow=&#039;visible&#039; height=&#039;100%&#039; viewBox=&#039;0 0 20 16&#039; fill=&#039;none&#039; stroke=&#039;black&#039; stroke-width=&#039;1.6&#039; stroke-linecap=&#039;square&#039; stroke-miterlimit=&#039;10&#039;%3E%3Cg transform=&#039;translate(-12.000000, 0)&#039;%3E%3Cpath d=&#039;M28,0L10,18&#039;\/%3E%3Cpath d=&#039;M18,0L0,18&#039;\/%3E%3Cpath d=&#039;M48,0L30,18&#039;\/%3E%3Cpath d=&#039;M38,0L20,18&#039;\/%3E%3C\/g%3E%3C\/svg%3E&quot;);\">\n\t\t\t<span class=\"elementor-divider-separator\">\n\t\t\t\t\t\t<\/span>\n\t\t<\/div>\n\t\t\t\t\t\t<\/div>\n\t\t\t\t<\/div>\n\t\t\t\t<div class=\"elementor-element elementor-element-05ebfbb elementor-widget elementor-widget-text-editor\" data-id=\"05ebfbb\" data-element_type=\"widget\" data-widget_type=\"text-editor.default\">\n\t\t\t\t<div class=\"elementor-widget-container\">\n\t\t\t\t\t\t\t\t\t<p><strong style=\"font-family: indivisaBold; color: rgb(0, 29, 104); font-size: 14px; text-align: start;\">Fe, Fraternidad y Servicio:<\/strong><span style=\"color: rgb(0, 29, 104); font-family: indivisaRegular; font-size: 14px; text-align: start;\">&nbsp;Somos una instituci\u00f3n de inspiraci\u00f3n humanista cristiana que trabaja en comunidad para formar estudiantes como agentes de cambio.<\/span><br><\/p><ul>\n<\/ul>\t\t\t\t\t\t\t\t<\/div>\n\t\t\t\t<\/div>\n\t\t\t\t\t<\/div>\n\t\t<\/div>\n\t\t\t\t\t<\/div>\n\t\t<\/section>\n\t\t\t\t<\/div>\n\t\t","protected":false},"excerpt":{"rendered":"<p class=\"tx-excerpt\">MISI\u00d3N INSTITUCIONAL \u201cFormar docentes \u00edntegros y competentes, comprometidos con la educaci\u00f3n de calidad, la innovaci\u00f3n pedag\u00f3gica y el desarrollo sostenible, inspirados en los<div class=\"tx-read-more\"><a href=\"https:\/\/pedagogicolasalleurubamba.edu.pe\/salle\/mision-vision\/\">Seguir Leyendo<\/a><\/div>","protected":false},"author":1,"featured_media":0,"parent":0,"menu_order":0,"comment_status":"closed","ping_status":"closed","template":"elementor_header_footer","meta":{"footnotes":""},"class_list":["post-526","page","type-page","status-publish","hentry"],"_links":{"self":[{"href":"https:\/\/pedagogicolasalleurubamba.edu.pe\/salle\/wp-json\/wp\/v2\/pages\/526","targetHints":{"allow":["GET"]}}],"collection":[{"href":"https:\/\/pedagogicolasalleurubamba.edu.pe\/salle\/wp-json\/wp\/v2\/pages"}],"about":[{"href":"https:\/\/pedagogicolasalleurubamba.edu.pe\/salle\/wp-json\/wp\/v2\/types\/page"}],"author":[{"embeddable":true,"href":"https:\/\/pedagogicolasalleurubamba.edu.pe\/salle\/wp-json\/wp\/v2\/users\/1"}],"replies":[{"embeddable":true,"href":"https:\/\/pedagogicolasalleurubamba.edu.pe\/salle\/wp-json\/wp\/v2\/comments?post=526"}],"version-history":[{"count":6,"href":"https:\/\/pedagogicolasalleurubamba.edu.pe\/salle\/wp-json\/wp\/v2\/pages\/526\/revisions"}],"predecessor-version":[{"id":4090,"href":"https:\/\/pedagogicolasalleurubamba.edu.pe\/salle\/wp-json\/wp\/v2\/pages\/526\/revisions\/4090"}],"wp:attachment":[{"href":"https:\/\/pedagogicolasalleurubamba.edu.pe\/salle\/wp-json\/wp\/v2\/media?parent=526"}],"curies":[{"name":"wp","href":"https:\/\/api.w.org\/{rel}","templated":true}]}}